{"id":9,"date":"2025-01-16T19:30:59","date_gmt":"2025-01-16T18:30:59","guid":{"rendered":"http:\/\/50raisonsdaimerlavie.fr\/?page_id=9"},"modified":"2025-02-26T10:34:57","modified_gmt":"2025-02-26T09:34:57","slug":"50-ans-loi-veil","status":"publish","type":"page","link":"https:\/\/50raisonsdaimerlavie.fr\/","title":{"rendered":"50 raisons d&#8217;aimer la Vie"},"content":{"rendered":"<p>[et_pb_section fb_built=&#8221;1&#8243; admin_label=&#8221;section&#8221; _builder_version=&#8221;4.16&#8243; custom_margin=&#8221;||-4px|||&#8221; custom_padding=&#8221;0px||0px|||&#8221; global_colors_info=&#8221;{}&#8221;][et_pb_row admin_label=&#8221;row&#8221; _builder_version=&#8221;4.16&#8243; background_size=&#8221;initial&#8221; background_position=&#8221;top_left&#8221; background_repeat=&#8221;repeat&#8221; custom_padding=&#8221;0px|||||&#8221; global_colors_info=&#8221;{}&#8221;][et_pb_column type=&#8221;4_4&#8243; _builder_version=&#8221;4.16&#8243; custom_padding=&#8221;|||&#8221; global_colors_info=&#8221;{}&#8221; custom_padding__hover=&#8221;|||&#8221;][dipl_fancy_text fancy_text=&#8221;50 ANS DE LA LOI VEIL&#8221; grandient_color_1=&#8221;#000000&#8243; grandient_color_2=&#8221;#000000&#8243; _builder_version=&#8221;4.27.4&#8243; _module_preset=&#8221;default&#8221; body_font=&#8221;Raleway|900|||||||&#8221; body_text_align=&#8221;center&#8221; body_font_size=&#8221;49px&#8221; hover_enabled=&#8221;0&#8243; global_colors_info=&#8221;{}&#8221; sticky_enabled=&#8221;0&#8243; custom_margin=&#8221;||0px|||&#8221;][\/dipl_fancy_text][et_pb_text _builder_version=&#8221;4.27.4&#8243; _module_preset=&#8221;default&#8221; global_colors_info=&#8221;{}&#8221;]<\/p>\n<h2 style=\"text-align: center;\"><strong><span style=\"font-size: xx-large;\">50 RAISONS D&#8217;AIMER ENCORE PLUS LA VIE<\/span><\/strong><\/h2>\n<p style=\"text-align: center;\">\n<p>[\/et_pb_text][\/et_pb_column][\/et_pb_row][et_pb_row admin_label=&#8221;row&#8221; _builder_version=&#8221;4.16&#8243; background_size=&#8221;initial&#8221; background_position=&#8221;top_left&#8221; background_repeat=&#8221;repeat&#8221; custom_padding=&#8221;0px|||||&#8221; global_colors_info=&#8221;{}&#8221; column_structure=&#8221;1_2,1_2&#8243;][et_pb_column type=&#8221;1_2&#8243; _builder_version=&#8221;4.16&#8243; custom_padding=&#8221;|||&#8221; global_colors_info=&#8221;{}&#8221; custom_padding__hover=&#8221;|||&#8221;][et_pb_text _builder_version=&#8221;4.27.4&#8243; _module_preset=&#8221;default&#8221; global_colors_info=&#8221;{}&#8221;]<\/p>\n<p style=\"text-align: left;\"><span style=\"font-size: 14px;\">Une loi qui a profond\u00e9ment boulevers\u00e9 le visage de notre soci\u00e9t\u00e9, <br \/>une loi qui a ouvert de nouveaux chemins, mais qui, nous rappelle \u00e0 quel point il est essentiel de prot\u00e9ger chaque vie, chaque c\u0153ur battant, \u00e0 chaque instant.<\/span><\/p>\n<p style=\"text-align: left;\">Car<strong> nous croyons fermement que chaque vie m\u00e9rite d\u2019\u00eatre v\u00e9cue, d\u2019\u00eatre accueillie, ch\u00e9rie et c\u00e9l\u00e9br\u00e9e.<\/strong> <br \/>Nous pensons \u00e0 toutes ces vies qui n\u2019ont pas vu le jour, et \u00e0 celles que l\u2019on \u00e9teint. <br \/>Nous marchons pour elles, pour chaque c\u0153ur qui bat en d\u00e9but ou en fin de vie.<strong><\/strong><\/p>\n<p>[\/et_pb_text][\/et_pb_column][et_pb_column type=&#8221;1_2&#8243; _builder_version=&#8221;4.16&#8243; custom_padding=&#8221;|||&#8221; global_colors_info=&#8221;{}&#8221; custom_padding__hover=&#8221;|||&#8221;][et_pb_text _builder_version=&#8221;4.27.4&#8243; _module_preset=&#8221;default&#8221; global_colors_info=&#8221;{}&#8221;]<\/p>\n<p style=\"text-align: left;\"><strong>C&#8217;est pourquoi, en ce d\u00e9but d\u2019ann\u00e9e, nous souhaitons partager avec vous 50 raisons d\u2019aimer la Vie, ces tr\u00e9sors simples qui nous rappellent la splendeur de chaque instant<\/strong> : <br \/>un coucher de soleil, un rire d\u2019enfant, un souffle l\u00e9ger, une rencontre. <br \/>Chaque vie, chaque souffle, est un miracle. <br \/>Chaque sourire, un cadeau.<\/p>\n<p style=\"text-align: left;\">Depuis 50 ans, notre engagement est ancr\u00e9 dans le droit <br \/>de na\u00eetre, de grandir, d\u2019aimer et d\u2019\u00eatre aim\u00e9 jusqu\u2019au bout.<\/p>\n<p style=\"text-align: left;\">50 ans apr\u00e8s, nous marchons encore \u2013 et pour toujours.<\/p>\n<p>[\/et_pb_text][\/et_pb_column][\/et_pb_row][et_pb_row make_equal=&#8221;on&#8221; _builder_version=&#8221;4.27.4&#8243; _module_preset=&#8221;default&#8221; global_colors_info=&#8221;{}&#8221;][et_pb_column type=&#8221;4_4&#8243; _builder_version=&#8221;4.27.4&#8243; _module_preset=&#8221;default&#8221; global_colors_info=&#8221;{}&#8221;][dipl_masonry_gallery image_ids=&#8221;17,31,47,54,19,14,30,60,55,34,16,15,20,18,21,22,23,24,59,25,26,27,28,29,32,58,33,35,36,61,37,38,13,39,40,56,41,42,43,44,57,45,46,48,49,50,51,63,52,62&#8243; number_of_columns_tablet=&#8221;3&#8243; number_of_columns_phone=&#8221;2&#8243; number_of_columns_last_edited=&#8221;on|phone&#8221; _builder_version=&#8221;4.27.4&#8243; _module_preset=&#8221;default&#8221; global_colors_info=&#8221;{}&#8221;][\/dipl_masonry_gallery][\/et_pb_column][\/et_pb_row][et_pb_row _builder_version=&#8221;4.27.4&#8243; _module_preset=&#8221;default&#8221; custom_margin=&#8221;|auto|-25px|auto||&#8221; global_colors_info=&#8221;{}&#8221;][et_pb_column type=&#8221;4_4&#8243; _builder_version=&#8221;4.27.4&#8243; _module_preset=&#8221;default&#8221; global_colors_info=&#8221;{}&#8221;][et_pb_text _builder_version=&#8221;4.27.4&#8243; _module_preset=&#8221;default&#8221; global_colors_info=&#8221;{}&#8221;]<\/p>\n<h2 style=\"text-align: center;\"><strong>Pour continuer ce combat, nous avons besoin de vous.<span class=\"Apple-converted-space\">\u00a0<\/span><\/strong><\/h2>\n<p class=\"p1\" style=\"text-align: center;\"><span class=\"s1\"><br \/>\ud83d\udc49<\/span> Avec 10 \u20ac, vous contribuez \u00e0 imprimer nos tracts.<br \/><span class=\"s1\">\ud83d\udc49<\/span> Avec 50 \u20ac, vous aidez \u00e0 organiser les \u00e9v\u00e9nements de la Marche.<br \/><span class=\"s1\">\ud83d\udc49<\/span> Avec 100 \u20ac, vous soutenez la diffusion de notre message au plus grand nombre.<br \/><span class=\"s1\">\ud83d\udc49 Avec 1000\u20ac, c&#8217;est pareil que les autres montants mais en mieux<\/span><\/p>\n<p class=\"p1\" style=\"text-align: center;\"><a href=\"https:\/\/www.credofunding.fr\/fr\/associations\/marche-pour-la-vie\u00a0\"><span class=\"s2\">https:\/\/www.credofunding.fr\/fr\/associations\/marche-pour-la-vie<span class=\"Apple-converted-space\">\u00a0<\/span><\/span><\/a><\/p>\n<p class=\"p1\" style=\"text-align: center;\">Merci pour votre engagement.<span class=\"Apple-converted-space\">\u00a0<\/span><\/p>\n<p class=\"p1\" style=\"text-align: center;\">Ensemble, faisons de 2025 une ann\u00e9e o\u00f9 la Vie triomphe ! <span class=\"s1\">\ud83c\udf1f<\/span><\/p>\n<p>[\/et_pb_text][\/et_pb_column][\/et_pb_row][\/et_pb_section]<\/p>\n","protected":false},"excerpt":{"rendered":"<p><div class=\"et_pb_module dipl_fancy_text dipl_fancy_text_0\">\n\t\t\t\t\n\t\t\t\t\n\t\t\t\t\n\t\t\t\t\n\t\t\t\t\n\t\t\t\t\n\t\t\t\t<div class=\"et_pb_module_inner\">\n\t\t\t\t\t<div class=dipl_gradient>\n\t\t\t\t<div class=\"dipl-text-wrapper\">\n\t\t\t\t\t<div class=\"dipl-text-wrapper-inner dipl_gradient_text\">50 ANS DE LA LOI VEIL<\/div>\n\t\t\t\t<\/div>\n\t\t\t<\/div>\n\t\t\t\t<\/div>\n\t\t\t<\/div>50 RAISONS D&#8217;AIMER ENCORE PLUS LA VIE Une loi qui a profond\u00e9ment boulevers\u00e9 le visage de notre soci\u00e9t\u00e9, une loi qui a ouvert de nouveaux chemins, mais qui, nous rappelle \u00e0 quel point il est essentiel de prot\u00e9ger [&hellip;]<\/p>\n","protected":false},"author":1,"featured_media":17,"parent":0,"menu_order":0,"comment_status":"closed","ping_status":"closed","template":"","meta":{"_et_pb_use_builder":"on","_et_pb_old_content":"","_et_gb_content_width":"","footnotes":""},"class_list":["post-9","page","type-page","status-publish","has-post-thumbnail","hentry"],"_links":{"self":[{"href":"https:\/\/50raisonsdaimerlavie.fr\/index.php\/wp-json\/wp\/v2\/pages\/9","targetHints":{"allow":["GET"]}}],"collection":[{"href":"https:\/\/50raisonsdaimerlavie.fr\/index.php\/wp-json\/wp\/v2\/pages"}],"about":[{"href":"https:\/\/50raisonsdaimerlavie.fr\/index.php\/wp-json\/wp\/v2\/types\/page"}],"author":[{"embeddable":true,"href":"https:\/\/50raisonsdaimerlavie.fr\/index.php\/wp-json\/wp\/v2\/users\/1"}],"replies":[{"embeddable":true,"href":"https:\/\/50raisonsdaimerlavie.fr\/index.php\/wp-json\/wp\/v2\/comments?post=9"}],"version-history":[{"count":10,"href":"https:\/\/50raisonsdaimerlavie.fr\/index.php\/wp-json\/wp\/v2\/pages\/9\/revisions"}],"predecessor-version":[{"id":86,"href":"https:\/\/50raisonsdaimerlavie.fr\/index.php\/wp-json\/wp\/v2\/pages\/9\/revisions\/86"}],"wp:featuredmedia":[{"embeddable":true,"href":"https:\/\/50raisonsdaimerlavie.fr\/index.php\/wp-json\/wp\/v2\/media\/17"}],"wp:attachment":[{"href":"https:\/\/50raisonsdaimerlavie.fr\/index.php\/wp-json\/wp\/v2\/media?parent=9"}],"curies":[{"name":"wp","href":"https:\/\/api.w.org\/{rel}","templated":true}]}}